{"id":1674,"date":"2024-09-12T22:20:21","date_gmt":"2024-09-12T22:20:21","guid":{"rendered":"https:\/\/www.gipglobal.org\/politique-de-confidentialite\/"},"modified":"2024-11-01T16:14:52","modified_gmt":"2024-11-01T16:14:52","slug":"politique-de-confidentialite","status":"publish","type":"page","link":"https:\/\/www.gipglobal.org\/fr\/politique-de-confidentialite\/","title":{"rendered":"Politique de confidentialit\u00e9"},"content":{"rendered":"\n[et_pb_section fb_built=&#8221;1&#8243; _builder_version=&#8221;4.27.0&#8243; _module_preset=&#8221;default&#8221; module_alignment=&#8221;center&#8221; custom_margin=&#8221;0px|0px|0px|0px|true|true&#8221; custom_padding=&#8221;80px|140px|80px|140px|true|true&#8221; locked=&#8221;off&#8221; global_colors_info=&#8221;{}&#8221; custom_padding_tablet=&#8221;|40px||40px|true|true&#8221; custom_padding_phone=&#8221;30px|10px|30px|10px|true|true&#8221; custom_padding_last_edited=&#8221;on|phone&#8221; background_color=&#8221;#112231&#8243; background_enable_image=&#8221;off&#8221; hover_enabled=&#8221;0&#8243; sticky_enabled=&#8221;0&#8243;][et_pb_row _builder_version=&#8221;4.27.0&#8243; _module_preset=&#8221;default&#8221; global_colors_info=&#8221;{}&#8221;][et_pb_column type=&#8221;4_4&#8243; _builder_version=&#8221;4.27.0&#8243; _module_preset=&#8221;default&#8221; global_colors_info=&#8221;{}&#8221;][et_pb_heading title=&#8221;Politique de confidentialit\u00e9&#8221; _builder_version=&#8221;4.27.0&#8243; _module_preset=&#8221;default&#8221; title_text_align=&#8221;center&#8221; title_text_color=&#8221;#F2F8F3&#8243; title_font_size=&#8221;50px&#8221; background_enable_image=&#8221;off&#8221; hover_enabled=&#8221;0&#8243; global_colors_info=&#8221;{}&#8221; title_font_size_last_edited=&#8221;on|phone&#8221; sticky_enabled=&#8221;0&#8243; title_font_size_phone=&#8221;30px&#8221; title_font_size_tablet=&#8221;50px&#8221;][\/et_pb_heading][\/et_pb_column][\/et_pb_row][\/et_pb_section][et_pb_section fb_built=&#8221;1&#8243; _builder_version=&#8221;4.27.0&#8243; _module_preset=&#8221;default&#8221; custom_margin=&#8221;0px|0px|0px|0px|true|true&#8221; custom_padding=&#8221;80px|140px|80px|140px|true|true&#8221; hover_enabled=&#8221;0&#8243; global_colors_info=&#8221;{}&#8221; custom_padding_tablet=&#8221;60px|40px|60px|40px|true|true&#8221; custom_padding_phone=&#8221;30px|40px|30px|40px|true|true&#8221; custom_padding_last_edited=&#8221;on|phone&#8221; sticky_enabled=&#8221;0&#8243;][et_pb_row _builder_version=&#8221;4.27.0&#8243; _module_preset=&#8221;default&#8221; width=&#8221;100%&#8221; max_width=&#8221;2560px&#8221; global_colors_info=&#8221;{}&#8221;][et_pb_column type=&#8221;4_4&#8243; _builder_version=&#8221;4.27.0&#8243; _module_preset=&#8221;default&#8221; global_colors_info=&#8221;{}&#8221;][et_pb_text _builder_version=&#8221;4.27.0&#8243; _module_preset=&#8221;default&#8221; global_colors_info=&#8221;{}&#8221;]<div>Peace Group International respecte votre vie priv\u00e9e et s&#8217;engage \u00e0 prot\u00e9ger vos donn\u00e9es personnelles. Cette politique de confidentialit\u00e9 explique comment nous recueillons, utilisons et prot\u00e9geons les informations personnelles de ceux qui interagissent avec notre site web. <\/div>\n<p>&nbsp;<\/p>\n<div><strong>Collecte de donn\u00e9es personnelles<\/strong><\/div>\n<div>Nous recueillons les donn\u00e9es personnelles que vous nous fournissez volontairement lorsque vous utilisez notre site web, telles que votre nom, votre adresse \u00e9lectronique et vos coordonn\u00e9es lorsque vous vous inscrivez pour recevoir nos bulletins d&#8217;information ou pour participer \u00e0 nos \u00e9v\u00e9nements.<\/div>\n<p>&nbsp;<\/p>\n<div><strong>Utilisation des donn\u00e9es personnelles<\/strong><\/div>\n<div>Nous utilisons vos donn\u00e9es personnelles pour :<\/div>\n<div>&#8211; vous envoyer des informations sur nos projets et nos \u00e9v\u00e9nements.<\/div>\n<div><span>  &#8211; Am\u00e9liorer notre site web et nos services.<\/span><\/div>\n<div><span>  &#8211; Respecter les obligations l\u00e9gales et r\u00e9glementaires.<\/span><\/div>\n<p>&nbsp;<\/p>\n<div><strong>Protection des donn\u00e9es personnelles<\/strong><\/div>\n<div>Nous mettons en \u0153uvre des mesures de s\u00e9curit\u00e9 techniques et organisationnelles pour prot\u00e9ger vos donn\u00e9es personnelles contre l&#8217;acc\u00e8s non autoris\u00e9, l&#8217;alt\u00e9ration et la destruction.<\/div>\n<p>&nbsp;<\/p>\n<div><strong>Droits d&#8217;acc\u00e8s et de contr\u00f4le<\/strong><\/div>\n<div>Vous avez le droit d&#8217;acc\u00e9der \u00e0 vos donn\u00e9es personnelles que nous d\u00e9tenons, de les corriger ou de les supprimer. Pour exercer ces droits, veuillez nous contacter \u00e0 l&#8217;adresse suivante <a href=\"mailto:contact@gipglobal.org\" class=\"cx_colorTextBrand--sp4ze cx_cursorPointer--jO8MD\" rel=\"nofollow noreferrer ugc\">: contact@gipglobal.org.<\/a> <\/div>\n<p>&nbsp;<\/p>\n<div>La pr\u00e9sente politique de confidentialit\u00e9 peut \u00eatre mise \u00e0 jour p\u00e9riodiquement et toute modification sera publi\u00e9e sur cette page.<\/div>[\/et_pb_text][\/et_pb_column][\/et_pb_row][\/et_pb_section]\n","protected":false},"excerpt":{"rendered":"<p>Peace Group International respecte votre vie priv\u00e9e et s&#8217;engage \u00e0 prot\u00e9ger vos donn\u00e9es personnelles. Cette politique de confidentialit\u00e9 explique comment nous recueillons, utilisons et prot\u00e9geons les informations personnelles de ceux [&hellip;]<\/p>\n","protected":false},"author":1,"featured_media":0,"parent":0,"menu_order":0,"comment_status":"closed","ping_status":"closed","template":"","meta":{"_bbp_topic_count":0,"_bbp_reply_count":0,"_bbp_total_topic_count":0,"_bbp_total_reply_count":0,"_bbp_voice_count":0,"_bbp_anonymous_reply_count":0,"_bbp_topic_count_hidden":0,"_bbp_reply_count_hidden":0,"_bbp_forum_subforum_count":0,"_et_pb_use_builder":"on","_et_pb_old_content":"","_et_gb_content_width":"","footnotes":""},"class_list":["post-1674","page","type-page","status-publish","hentry"],"yoast_head":"<!-- This site is optimized with the Yoast SEO plugin v27.5 - https:\/\/yoast.com\/product\/yoast-seo-wordpress\/ -->\n<title>Politique de confidentialit\u00e9 - Grupo Internacional de Paz<\/title>\n<meta name=\"description\" content=\"Peace Group International respecte votre vie priv\u00e9e et s&#039;engage \u00e0 prot\u00e9ger vos donn\u00e9es personnelles. Cette politique de confidentialit\u00e9 explique comment nous recueillons, utilisons et prot\u00e9geons les informations personnelles de ceux qui interagissent avec notre site web.\" \/>\n<meta name=\"robots\" content=\"index, follow, max-snippet:-1, max-image-preview:large, max-video-preview:-1\" \/>\n<link rel=\"canonical\" href=\"https:\/\/www.gipglobal.org\/fr\/politique-de-confidentialite\/\" \/>\n<meta property=\"og:locale\" content=\"fr_FR\" \/>\n<meta property=\"og:type\" content=\"article\" \/>\n<meta property=\"og:title\" content=\"Politique de confidentialit\u00e9 - Grupo Internacional de Paz\" \/>\n<meta property=\"og:description\" content=\"Peace Group International respecte votre vie priv\u00e9e et s&#039;engage \u00e0 prot\u00e9ger vos donn\u00e9es personnelles. Cette politique de confidentialit\u00e9 explique comment nous recueillons, utilisons et prot\u00e9geons les informations personnelles de ceux qui interagissent avec notre site web.\" \/>\n<meta property=\"og:url\" content=\"https:\/\/www.gipglobal.org\/fr\/politique-de-confidentialite\/\" \/>\n<meta property=\"og:site_name\" content=\"Grupo Internacional de Paz\" \/>\n<meta property=\"article:publisher\" content=\"https:\/\/www.facebook.com\/Grupointernacionaldepaz\" \/>\n<meta property=\"article:modified_time\" content=\"2024-11-01T16:14:52+00:00\" \/>\n<meta name=\"twitter:card\" content=\"summary_large_image\" \/>\n<meta name=\"twitter:label1\" content=\"Dur\u00e9e de lecture estim\u00e9e\" \/>\n\t<meta name=\"twitter:data1\" content=\"2 minutes\" \/>\n<script type=\"application\/ld+json\" class=\"yoast-schema-graph\">{\"@context\":\"https:\\\/\\\/schema.org\",\"@graph\":[{\"@type\":\"WebPage\",\"@id\":\"https:\\\/\\\/www.gipglobal.org\\\/fr\\\/politique-de-confidentialite\\\/\",\"url\":\"https:\\\/\\\/www.gipglobal.org\\\/fr\\\/politique-de-confidentialite\\\/\",\"name\":\"Politique de confidentialit\u00e9 - Grupo Internacional de Paz\",\"isPartOf\":{\"@id\":\"https:\\\/\\\/www.gipglobal.org\\\/fr\\\/#website\"},\"datePublished\":\"2024-09-12T22:20:21+00:00\",\"dateModified\":\"2024-11-01T16:14:52+00:00\",\"description\":\"Peace Group International respecte votre vie priv\u00e9e et s'engage \u00e0 prot\u00e9ger vos donn\u00e9es personnelles. Cette politique de confidentialit\u00e9 explique comment nous recueillons, utilisons et prot\u00e9geons les informations personnelles de ceux qui interagissent avec notre site web.\",\"breadcrumb\":{\"@id\":\"https:\\\/\\\/www.gipglobal.org\\\/fr\\\/politique-de-confidentialite\\\/#breadcrumb\"},\"inLanguage\":\"fr-FR\",\"potentialAction\":[{\"@type\":\"ReadAction\",\"target\":[\"https:\\\/\\\/www.gipglobal.org\\\/fr\\\/politique-de-confidentialite\\\/\"]}]},{\"@type\":\"BreadcrumbList\",\"@id\":\"https:\\\/\\\/www.gipglobal.org\\\/fr\\\/politique-de-confidentialite\\\/#breadcrumb\",\"itemListElement\":[{\"@type\":\"ListItem\",\"position\":1,\"name\":\"Portada\",\"item\":\"https:\\\/\\\/www.gipglobal.org\\\/fr\\\/\"},{\"@type\":\"ListItem\",\"position\":2,\"name\":\"Politique de confidentialit\u00e9\"}]},{\"@type\":\"WebSite\",\"@id\":\"https:\\\/\\\/www.gipglobal.org\\\/fr\\\/#website\",\"url\":\"https:\\\/\\\/www.gipglobal.org\\\/fr\\\/\",\"name\":\"Grupo Internacional de Paz\",\"description\":\"Paz y desarrollo atravez del deporte\",\"publisher\":{\"@id\":\"https:\\\/\\\/www.gipglobal.org\\\/fr\\\/#organization\"},\"potentialAction\":[{\"@type\":\"SearchAction\",\"target\":{\"@type\":\"EntryPoint\",\"urlTemplate\":\"https:\\\/\\\/www.gipglobal.org\\\/fr\\\/?s={search_term_string}\"},\"query-input\":{\"@type\":\"PropertyValueSpecification\",\"valueRequired\":true,\"valueName\":\"search_term_string\"}}],\"inLanguage\":\"fr-FR\"},{\"@type\":\"Organization\",\"@id\":\"https:\\\/\\\/www.gipglobal.org\\\/fr\\\/#organization\",\"name\":\"Grupo Internacional de Paz\",\"url\":\"https:\\\/\\\/www.gipglobal.org\\\/fr\\\/\",\"logo\":{\"@type\":\"ImageObject\",\"inLanguage\":\"fr-FR\",\"@id\":\"https:\\\/\\\/www.gipglobal.org\\\/fr\\\/#\\\/schema\\\/logo\\\/image\\\/\",\"url\":\"https:\\\/\\\/www.gipglobal.org\\\/wp-content\\\/uploads\\\/2024\\\/09\\\/logo-GIP-01-Artboard-1.png\",\"contentUrl\":\"https:\\\/\\\/www.gipglobal.org\\\/wp-content\\\/uploads\\\/2024\\\/09\\\/logo-GIP-01-Artboard-1.png\",\"width\":1295,\"height\":732,\"caption\":\"Grupo Internacional de Paz\"},\"image\":{\"@id\":\"https:\\\/\\\/www.gipglobal.org\\\/fr\\\/#\\\/schema\\\/logo\\\/image\\\/\"},\"sameAs\":[\"https:\\\/\\\/www.facebook.com\\\/Grupointernacionaldepaz\",\"https:\\\/\\\/www.instagram.com\\\/grupointernacionaldepaz?igsh=MnZ1M2t3ajNkbGxo\"]}]}<\/script>\n<!-- \/ Yoast SEO plugin. -->","yoast_head_json":{"title":"Politique de confidentialit\u00e9 - Grupo Internacional de Paz","description":"Peace Group International respecte votre vie priv\u00e9e et s'engage \u00e0 prot\u00e9ger vos donn\u00e9es personnelles. Cette politique de confidentialit\u00e9 explique comment nous recueillons, utilisons et prot\u00e9geons les informations personnelles de ceux qui interagissent avec notre site web.","robots":{"index":"index","follow":"follow","max-snippet":"max-snippet:-1","max-image-preview":"max-image-preview:large","max-video-preview":"max-video-preview:-1"},"canonical":"https:\/\/www.gipglobal.org\/fr\/politique-de-confidentialite\/","og_locale":"fr_FR","og_type":"article","og_title":"Politique de confidentialit\u00e9 - Grupo Internacional de Paz","og_description":"Peace Group International respecte votre vie priv\u00e9e et s'engage \u00e0 prot\u00e9ger vos donn\u00e9es personnelles. Cette politique de confidentialit\u00e9 explique comment nous recueillons, utilisons et prot\u00e9geons les informations personnelles de ceux qui interagissent avec notre site web.","og_url":"https:\/\/www.gipglobal.org\/fr\/politique-de-confidentialite\/","og_site_name":"Grupo Internacional de Paz","article_publisher":"https:\/\/www.facebook.com\/Grupointernacionaldepaz","article_modified_time":"2024-11-01T16:14:52+00:00","twitter_card":"summary_large_image","twitter_misc":{"Dur\u00e9e de lecture estim\u00e9e":"2 minutes"},"schema":{"@context":"https:\/\/schema.org","@graph":[{"@type":"WebPage","@id":"https:\/\/www.gipglobal.org\/fr\/politique-de-confidentialite\/","url":"https:\/\/www.gipglobal.org\/fr\/politique-de-confidentialite\/","name":"Politique de confidentialit\u00e9 - Grupo Internacional de Paz","isPartOf":{"@id":"https:\/\/www.gipglobal.org\/fr\/#website"},"datePublished":"2024-09-12T22:20:21+00:00","dateModified":"2024-11-01T16:14:52+00:00","description":"Peace Group International respecte votre vie priv\u00e9e et s'engage \u00e0 prot\u00e9ger vos donn\u00e9es personnelles. Cette politique de confidentialit\u00e9 explique comment nous recueillons, utilisons et prot\u00e9geons les informations personnelles de ceux qui interagissent avec notre site web.","breadcrumb":{"@id":"https:\/\/www.gipglobal.org\/fr\/politique-de-confidentialite\/#breadcrumb"},"inLanguage":"fr-FR","potentialAction":[{"@type":"ReadAction","target":["https:\/\/www.gipglobal.org\/fr\/politique-de-confidentialite\/"]}]},{"@type":"BreadcrumbList","@id":"https:\/\/www.gipglobal.org\/fr\/politique-de-confidentialite\/#breadcrumb","itemListElement":[{"@type":"ListItem","position":1,"name":"Portada","item":"https:\/\/www.gipglobal.org\/fr\/"},{"@type":"ListItem","position":2,"name":"Politique de confidentialit\u00e9"}]},{"@type":"WebSite","@id":"https:\/\/www.gipglobal.org\/fr\/#website","url":"https:\/\/www.gipglobal.org\/fr\/","name":"Grupo Internacional de Paz","description":"Paz y desarrollo atravez del deporte","publisher":{"@id":"https:\/\/www.gipglobal.org\/fr\/#organization"},"potentialAction":[{"@type":"SearchAction","target":{"@type":"EntryPoint","urlTemplate":"https:\/\/www.gipglobal.org\/fr\/?s={search_term_string}"},"query-input":{"@type":"PropertyValueSpecification","valueRequired":true,"valueName":"search_term_string"}}],"inLanguage":"fr-FR"},{"@type":"Organization","@id":"https:\/\/www.gipglobal.org\/fr\/#organization","name":"Grupo Internacional de Paz","url":"https:\/\/www.gipglobal.org\/fr\/","logo":{"@type":"ImageObject","inLanguage":"fr-FR","@id":"https:\/\/www.gipglobal.org\/fr\/#\/schema\/logo\/image\/","url":"https:\/\/www.gipglobal.org\/wp-content\/uploads\/2024\/09\/logo-GIP-01-Artboard-1.png","contentUrl":"https:\/\/www.gipglobal.org\/wp-content\/uploads\/2024\/09\/logo-GIP-01-Artboard-1.png","width":1295,"height":732,"caption":"Grupo Internacional de Paz"},"image":{"@id":"https:\/\/www.gipglobal.org\/fr\/#\/schema\/logo\/image\/"},"sameAs":["https:\/\/www.facebook.com\/Grupointernacionaldepaz","https:\/\/www.instagram.com\/grupointernacionaldepaz?igsh=MnZ1M2t3ajNkbGxo"]}]}},"jetpack_sharing_enabled":true,"_links":{"self":[{"href":"https:\/\/www.gipglobal.org\/fr\/wp-json\/wp\/v2\/pages\/1674","targetHints":{"allow":["GET"]}}],"collection":[{"href":"https:\/\/www.gipglobal.org\/fr\/wp-json\/wp\/v2\/pages"}],"about":[{"href":"https:\/\/www.gipglobal.org\/fr\/wp-json\/wp\/v2\/types\/page"}],"author":[{"embeddable":true,"href":"https:\/\/www.gipglobal.org\/fr\/wp-json\/wp\/v2\/users\/1"}],"replies":[{"embeddable":true,"href":"https:\/\/www.gipglobal.org\/fr\/wp-json\/wp\/v2\/comments?post=1674"}],"version-history":[{"count":1,"href":"https:\/\/www.gipglobal.org\/fr\/wp-json\/wp\/v2\/pages\/1674\/revisions"}],"predecessor-version":[{"id":1675,"href":"https:\/\/www.gipglobal.org\/fr\/wp-json\/wp\/v2\/pages\/1674\/revisions\/1675"}],"wp:attachment":[{"href":"https:\/\/www.gipglobal.org\/fr\/wp-json\/wp\/v2\/media?parent=1674"}],"curies":[{"name":"wp","href":"https:\/\/api.w.org\/{rel}","templated":true}]}}