{"id":1661,"date":"2024-09-12T22:35:45","date_gmt":"2024-09-12T22:35:45","guid":{"rendered":"https:\/\/www.gipglobal.org\/politique-detaillee-en-matiere-de-cookies\/"},"modified":"2024-11-01T16:14:48","modified_gmt":"2024-11-01T16:14:48","slug":"politique-detaillee-en-matiere-de-cookies","status":"publish","type":"page","link":"https:\/\/www.gipglobal.org\/fr\/politique-detaillee-en-matiere-de-cookies\/","title":{"rendered":"Politique d\u00e9taill\u00e9e en mati\u00e8re de cookies"},"content":{"rendered":"\n[et_pb_section fb_built=&#8221;1&#8243; _builder_version=&#8221;4.27.0&#8243; _module_preset=&#8221;default&#8221; module_alignment=&#8221;center&#8221; custom_margin=&#8221;0px|0px|0px|0px|true|true&#8221; custom_padding=&#8221;80px|140px|80px|140px|true|true&#8221; locked=&#8221;off&#8221; global_colors_info=&#8221;{}&#8221; sticky_enabled=&#8221;0&#8243; custom_padding_tablet=&#8221;|40px||40px|true|true&#8221; custom_padding_phone=&#8221;30px|10px|30px|10px|true|true&#8221; custom_padding_last_edited=&#8221;on|phone&#8221; background_color=&#8221;#112231&#8243; background_enable_image=&#8221;off&#8221;][et_pb_row _builder_version=&#8221;4.27.0&#8243; _module_preset=&#8221;default&#8221; global_colors_info=&#8221;{}&#8221;][et_pb_column type=&#8221;4_4&#8243; _builder_version=&#8221;4.27.0&#8243; _module_preset=&#8221;default&#8221; global_colors_info=&#8221;{}&#8221;][et_pb_heading title=&#8221;Politique d\u00e9taill\u00e9e en mati\u00e8re de cookies&#8221; _builder_version=&#8221;4.27.0&#8243; _module_preset=&#8221;default&#8221; title_text_align=&#8221;center&#8221; title_text_color=&#8221;#F2F8F3&#8243; title_font_size=&#8221;50px&#8221; background_enable_image=&#8221;off&#8221; hover_enabled=&#8221;0&#8243; global_colors_info=&#8221;{}&#8221; title_font_size_last_edited=&#8221;on|phone&#8221; sticky_enabled=&#8221;0&#8243; title_font_size_phone=&#8221;30px&#8221; title_font_size_tablet=&#8221;50px&#8221;][\/et_pb_heading][\/et_pb_column][\/et_pb_row][\/et_pb_section][et_pb_section fb_built=&#8221;1&#8243; _builder_version=&#8221;4.27.0&#8243; _module_preset=&#8221;default&#8221; custom_margin=&#8221;0px|0px|0px|0px|true|true&#8221; custom_padding=&#8221;80px|140px|80px|140px|true|true&#8221; global_colors_info=&#8221;{}&#8221; custom_padding_tablet=&#8221;60px|40px|60px|40px|true|true&#8221; custom_padding_phone=&#8221;30px|40px|30px|40px|true|true&#8221; custom_padding_last_edited=&#8221;on|phone&#8221;][et_pb_row _builder_version=&#8221;4.27.0&#8243; _module_preset=&#8221;default&#8221; width=&#8221;100%&#8221; max_width=&#8221;2560px&#8221; global_colors_info=&#8221;{}&#8221;][et_pb_column type=&#8221;4_4&#8243; _builder_version=&#8221;4.27.0&#8243; _module_preset=&#8221;default&#8221; global_colors_info=&#8221;{}&#8221;][et_pb_text _builder_version=&#8221;4.27.0&#8243; _module_preset=&#8221;default&#8221; global_colors_info=&#8221;{}&#8221;]<div>Bienvenue \u00e0 la politique de cookies du Groupe international de la paix. Nous utilisons des cookies pour assurer le bon fonctionnement de notre site et am\u00e9liorer votre exp\u00e9rience d&#8217;utilisateur. Cette page explique comment nous utilisons les cookies et comment vous pouvez g\u00e9rer vos pr\u00e9f\u00e9rences.  <\/div>\n<div><\/div>\n<p>&nbsp;<\/p>\n<div><strong>Qu&#8217;est-ce qu&#8217;un biscuit ?<\/strong><\/div>\n<div>Les cookies sont de petits fichiers texte que les sites web placent sur votre appareil lorsque vous naviguez sur l&#8217;internet. Ces fichiers sont utilis\u00e9s par les sites web pour m\u00e9moriser vos actions et vos pr\u00e9f\u00e9rences (telles que le login, la langue, la taille de la police et d&#8217;autres pr\u00e9f\u00e9rences d&#8217;affichage) pendant un certain temps, de sorte que vous n&#8217;ayez pas \u00e0 les saisir \u00e0 nouveau chaque fois que vous revenez sur le site ou que vous naviguez d&#8217;une page \u00e0 l&#8217;autre. <\/div>\n<div><\/div>\n<p>&nbsp;<\/p>\n<div><strong>Comment utilisons-nous les cookies ?<\/strong><\/div>\n<div>Nous utilisons des cookies pour un certain nombre de raisons d\u00e9taill\u00e9es ci-dessous :<\/div>\n<div><\/div>\n<div><span>  &#8211; <strong> Cookies n\u00e9cessaires :<\/strong> ces cookies sont essentiels pour vous permettre de vous d\u00e9placer sur le site web et d&#8217;utiliser ses fonctions, telles que l&#8217;acc\u00e8s aux zones s\u00e9curis\u00e9es. Sans ces cookies, nous ne pouvons pas fournir des services tels que le processus de donation ou l&#8217;acc\u00e8s aux profils des utilisateurs. <\/span><\/div>\n<div><span>  &#8211; <strong> Cookies de performance et d&#8217;analyse :<\/strong> ces cookies recueillent des informations sur la mani\u00e8re dont les visiteurs utilisent le site web, par exemple les pages les plus consult\u00e9es et les messages d&#8217;erreur des pages web. Toutes les informations collect\u00e9es par ces cookies sont agr\u00e9g\u00e9es et donc anonymes. Elles ne sont utilis\u00e9es que pour am\u00e9liorer le fonctionnement d&#8217;un site web.  <\/span><\/div>\n<div><span>  &#8211; <strong> Cookies de fonctionnalit\u00e9 :<\/strong> ces cookies permettent au site web de se souvenir des choix que vous faites (tels que votre nom d&#8217;utilisateur, votre langue ou la r\u00e9gion dans laquelle vous vous trouvez) et de fournir des fonctions am\u00e9lior\u00e9es et plus personnelles.<\/span><\/div>\n<div><span>  &#8211; <strong> Cookies publicitaires :<\/strong> ces cookies sont utilis\u00e9s pour diffuser des publicit\u00e9s plus pertinentes pour vous et vos centres d&#8217;int\u00e9r\u00eat. Ils sont \u00e9galement utilis\u00e9s pour limiter le nombre de fois que vous voyez une publicit\u00e9 et pour mesurer l&#8217;efficacit\u00e9 de la campagne publicitaire. <\/span><\/div>\n<div><\/div>\n<p>&nbsp;<\/p>\n<div><strong>Gestion des cookies<\/strong><\/div>\n<div>Vous pouvez choisir d&#8217;accepter ou de refuser les cookies. La plupart des navigateurs web acceptent automatiquement les cookies, mais vous pouvez g\u00e9n\u00e9ralement modifier les param\u00e8tres de votre navigateur pour refuser les cookies si vous le souhaitez. Cela peut vous emp\u00eacher de profiter pleinement du site web.  <\/div>\n<div><\/div>\n<p>&nbsp;<\/p>\n<div><strong>Cookies de tiers<\/strong><\/div>\n<div>Dans certains cas particuliers, nous utilisons \u00e9galement des cookies fournis par des tiers de confiance. Le paragraphe suivant d\u00e9taille les cookies de tiers que vous pouvez rencontrer sur ce site. <\/div>\n<div><\/div>\n<div><span>  &#8211; <strong> Google Analytics :<\/strong> Ces cookies sont utilis\u00e9s par Google Analytics pour collecter des informations sur la mani\u00e8re dont les visiteurs utilisent notre site web. Nous utilisons ces informations pour compiler des rapports et pour nous aider \u00e0 am\u00e9liorer le site. Les cookies recueillent des informations sous une forme anonyme, notamment le nombre de visiteurs du site, l&#8217;origine des visiteurs et les pages qu&#8217;ils ont consult\u00e9es.  <\/span><\/div>\n<div><\/div>\n<p>&nbsp;<\/p>\n<div><strong>Plus d&#8217;informations<\/strong><\/div>\n<div>Nous esp\u00e9rons que ces informations vous ont \u00e9t\u00e9 utiles. Si vous souhaitez obtenir davantage d&#8217;informations sur les cookies, nous vous recommandons de consulter le <a href=\"https:\/\/www.aepd.es\/\" target=\"_blank\" rel=\"noopener\">site de l&#8217;Agence espagnole de protection des donn\u00e9es<\/a>. <\/div>\n<div><\/div>\n<div>Nous vous remercions de votre visite sur notre site et de votre engagement pour la cause de la paix.<\/div>[\/et_pb_text][\/et_pb_column][\/et_pb_row][\/et_pb_section]\n","protected":false},"excerpt":{"rendered":"<p>Bienvenue \u00e0 la politique de cookies du Groupe international de la paix. Nous utilisons des cookies pour assurer le bon fonctionnement de notre site et am\u00e9liorer votre exp\u00e9rience d&#8217;utilisateur. Cette [&hellip;]<\/p>\n","protected":false},"author":1,"featured_media":0,"parent":0,"menu_order":0,"comment_status":"closed","ping_status":"closed","template":"","meta":{"_bbp_topic_count":0,"_bbp_reply_count":0,"_bbp_total_topic_count":0,"_bbp_total_reply_count":0,"_bbp_voice_count":0,"_bbp_anonymous_reply_count":0,"_bbp_topic_count_hidden":0,"_bbp_reply_count_hidden":0,"_bbp_forum_subforum_count":0,"_et_pb_use_builder":"on","_et_pb_old_content":"","_et_gb_content_width":"","footnotes":""},"class_list":["post-1661","page","type-page","status-publish","hentry"],"yoast_head":"<!-- This site is optimized with the Yoast SEO plugin v27.4 - https:\/\/yoast.com\/product\/yoast-seo-wordpress\/ -->\n<title>Politique d\u00e9taill\u00e9e en mati\u00e8re de cookies - Grupo Internacional de Paz<\/title>\n<meta name=\"description\" content=\"Nous utilisons des cookies pour garantir le bon fonctionnement de notre site et am\u00e9liorer votre exp\u00e9rience d&#039;utilisateur.\" \/>\n<meta name=\"robots\" content=\"index, follow, max-snippet:-1, max-image-preview:large, max-video-preview:-1\" \/>\n<link rel=\"canonical\" href=\"https:\/\/www.gipglobal.org\/fr\/politique-detaillee-en-matiere-de-cookies\/\" \/>\n<meta property=\"og:locale\" content=\"fr_FR\" \/>\n<meta property=\"og:type\" content=\"article\" \/>\n<meta property=\"og:title\" content=\"Politique d\u00e9taill\u00e9e en mati\u00e8re de cookies - Grupo Internacional de Paz\" \/>\n<meta property=\"og:description\" content=\"Nous utilisons des cookies pour garantir le bon fonctionnement de notre site et am\u00e9liorer votre exp\u00e9rience d&#039;utilisateur.\" \/>\n<meta property=\"og:url\" content=\"https:\/\/www.gipglobal.org\/fr\/politique-detaillee-en-matiere-de-cookies\/\" \/>\n<meta property=\"og:site_name\" content=\"Grupo Internacional de Paz\" \/>\n<meta property=\"article:publisher\" content=\"https:\/\/www.facebook.com\/Grupointernacionaldepaz\" \/>\n<meta property=\"article:modified_time\" content=\"2024-11-01T16:14:48+00:00\" \/>\n<meta name=\"twitter:card\" content=\"summary_large_image\" \/>\n<meta name=\"twitter:label1\" content=\"Dur\u00e9e de lecture estim\u00e9e\" \/>\n\t<meta name=\"twitter:data1\" content=\"4 minutes\" \/>\n<script type=\"application\/ld+json\" class=\"yoast-schema-graph\">{\"@context\":\"https:\\\/\\\/schema.org\",\"@graph\":[{\"@type\":\"WebPage\",\"@id\":\"https:\\\/\\\/www.gipglobal.org\\\/fr\\\/politique-detaillee-en-matiere-de-cookies\\\/\",\"url\":\"https:\\\/\\\/www.gipglobal.org\\\/fr\\\/politique-detaillee-en-matiere-de-cookies\\\/\",\"name\":\"Politique d\u00e9taill\u00e9e en mati\u00e8re de cookies - Grupo Internacional de Paz\",\"isPartOf\":{\"@id\":\"https:\\\/\\\/www.gipglobal.org\\\/fr\\\/#website\"},\"datePublished\":\"2024-09-12T22:35:45+00:00\",\"dateModified\":\"2024-11-01T16:14:48+00:00\",\"description\":\"Nous utilisons des cookies pour garantir le bon fonctionnement de notre site et am\u00e9liorer votre exp\u00e9rience d'utilisateur.\",\"breadcrumb\":{\"@id\":\"https:\\\/\\\/www.gipglobal.org\\\/fr\\\/politique-detaillee-en-matiere-de-cookies\\\/#breadcrumb\"},\"inLanguage\":\"fr-FR\",\"potentialAction\":[{\"@type\":\"ReadAction\",\"target\":[\"https:\\\/\\\/www.gipglobal.org\\\/fr\\\/politique-detaillee-en-matiere-de-cookies\\\/\"]}]},{\"@type\":\"BreadcrumbList\",\"@id\":\"https:\\\/\\\/www.gipglobal.org\\\/fr\\\/politique-detaillee-en-matiere-de-cookies\\\/#breadcrumb\",\"itemListElement\":[{\"@type\":\"ListItem\",\"position\":1,\"name\":\"Portada\",\"item\":\"https:\\\/\\\/www.gipglobal.org\\\/fr\\\/\"},{\"@type\":\"ListItem\",\"position\":2,\"name\":\"Politique d\u00e9taill\u00e9e en mati\u00e8re de cookies\"}]},{\"@type\":\"WebSite\",\"@id\":\"https:\\\/\\\/www.gipglobal.org\\\/fr\\\/#website\",\"url\":\"https:\\\/\\\/www.gipglobal.org\\\/fr\\\/\",\"name\":\"Grupo Internacional de Paz\",\"description\":\"Paz y desarrollo atravez del deporte\",\"publisher\":{\"@id\":\"https:\\\/\\\/www.gipglobal.org\\\/fr\\\/#organization\"},\"potentialAction\":[{\"@type\":\"SearchAction\",\"target\":{\"@type\":\"EntryPoint\",\"urlTemplate\":\"https:\\\/\\\/www.gipglobal.org\\\/fr\\\/?s={search_term_string}\"},\"query-input\":{\"@type\":\"PropertyValueSpecification\",\"valueRequired\":true,\"valueName\":\"search_term_string\"}}],\"inLanguage\":\"fr-FR\"},{\"@type\":\"Organization\",\"@id\":\"https:\\\/\\\/www.gipglobal.org\\\/fr\\\/#organization\",\"name\":\"Grupo Internacional de Paz\",\"url\":\"https:\\\/\\\/www.gipglobal.org\\\/fr\\\/\",\"logo\":{\"@type\":\"ImageObject\",\"inLanguage\":\"fr-FR\",\"@id\":\"https:\\\/\\\/www.gipglobal.org\\\/fr\\\/#\\\/schema\\\/logo\\\/image\\\/\",\"url\":\"https:\\\/\\\/www.gipglobal.org\\\/wp-content\\\/uploads\\\/2024\\\/09\\\/logo-GIP-01-Artboard-1.png\",\"contentUrl\":\"https:\\\/\\\/www.gipglobal.org\\\/wp-content\\\/uploads\\\/2024\\\/09\\\/logo-GIP-01-Artboard-1.png\",\"width\":1295,\"height\":732,\"caption\":\"Grupo Internacional de Paz\"},\"image\":{\"@id\":\"https:\\\/\\\/www.gipglobal.org\\\/fr\\\/#\\\/schema\\\/logo\\\/image\\\/\"},\"sameAs\":[\"https:\\\/\\\/www.facebook.com\\\/Grupointernacionaldepaz\",\"https:\\\/\\\/www.instagram.com\\\/grupointernacionaldepaz?igsh=MnZ1M2t3ajNkbGxo\"]}]}<\/script>\n<!-- \/ Yoast SEO plugin. -->","yoast_head_json":{"title":"Politique d\u00e9taill\u00e9e en mati\u00e8re de cookies - Grupo Internacional de Paz","description":"Nous utilisons des cookies pour garantir le bon fonctionnement de notre site et am\u00e9liorer votre exp\u00e9rience d'utilisateur.","robots":{"index":"index","follow":"follow","max-snippet":"max-snippet:-1","max-image-preview":"max-image-preview:large","max-video-preview":"max-video-preview:-1"},"canonical":"https:\/\/www.gipglobal.org\/fr\/politique-detaillee-en-matiere-de-cookies\/","og_locale":"fr_FR","og_type":"article","og_title":"Politique d\u00e9taill\u00e9e en mati\u00e8re de cookies - Grupo Internacional de Paz","og_description":"Nous utilisons des cookies pour garantir le bon fonctionnement de notre site et am\u00e9liorer votre exp\u00e9rience d'utilisateur.","og_url":"https:\/\/www.gipglobal.org\/fr\/politique-detaillee-en-matiere-de-cookies\/","og_site_name":"Grupo Internacional de Paz","article_publisher":"https:\/\/www.facebook.com\/Grupointernacionaldepaz","article_modified_time":"2024-11-01T16:14:48+00:00","twitter_card":"summary_large_image","twitter_misc":{"Dur\u00e9e de lecture estim\u00e9e":"4 minutes"},"schema":{"@context":"https:\/\/schema.org","@graph":[{"@type":"WebPage","@id":"https:\/\/www.gipglobal.org\/fr\/politique-detaillee-en-matiere-de-cookies\/","url":"https:\/\/www.gipglobal.org\/fr\/politique-detaillee-en-matiere-de-cookies\/","name":"Politique d\u00e9taill\u00e9e en mati\u00e8re de cookies - Grupo Internacional de Paz","isPartOf":{"@id":"https:\/\/www.gipglobal.org\/fr\/#website"},"datePublished":"2024-09-12T22:35:45+00:00","dateModified":"2024-11-01T16:14:48+00:00","description":"Nous utilisons des cookies pour garantir le bon fonctionnement de notre site et am\u00e9liorer votre exp\u00e9rience d'utilisateur.","breadcrumb":{"@id":"https:\/\/www.gipglobal.org\/fr\/politique-detaillee-en-matiere-de-cookies\/#breadcrumb"},"inLanguage":"fr-FR","potentialAction":[{"@type":"ReadAction","target":["https:\/\/www.gipglobal.org\/fr\/politique-detaillee-en-matiere-de-cookies\/"]}]},{"@type":"BreadcrumbList","@id":"https:\/\/www.gipglobal.org\/fr\/politique-detaillee-en-matiere-de-cookies\/#breadcrumb","itemListElement":[{"@type":"ListItem","position":1,"name":"Portada","item":"https:\/\/www.gipglobal.org\/fr\/"},{"@type":"ListItem","position":2,"name":"Politique d\u00e9taill\u00e9e en mati\u00e8re de cookies"}]},{"@type":"WebSite","@id":"https:\/\/www.gipglobal.org\/fr\/#website","url":"https:\/\/www.gipglobal.org\/fr\/","name":"Grupo Internacional de Paz","description":"Paz y desarrollo atravez del deporte","publisher":{"@id":"https:\/\/www.gipglobal.org\/fr\/#organization"},"potentialAction":[{"@type":"SearchAction","target":{"@type":"EntryPoint","urlTemplate":"https:\/\/www.gipglobal.org\/fr\/?s={search_term_string}"},"query-input":{"@type":"PropertyValueSpecification","valueRequired":true,"valueName":"search_term_string"}}],"inLanguage":"fr-FR"},{"@type":"Organization","@id":"https:\/\/www.gipglobal.org\/fr\/#organization","name":"Grupo Internacional de Paz","url":"https:\/\/www.gipglobal.org\/fr\/","logo":{"@type":"ImageObject","inLanguage":"fr-FR","@id":"https:\/\/www.gipglobal.org\/fr\/#\/schema\/logo\/image\/","url":"https:\/\/www.gipglobal.org\/wp-content\/uploads\/2024\/09\/logo-GIP-01-Artboard-1.png","contentUrl":"https:\/\/www.gipglobal.org\/wp-content\/uploads\/2024\/09\/logo-GIP-01-Artboard-1.png","width":1295,"height":732,"caption":"Grupo Internacional de Paz"},"image":{"@id":"https:\/\/www.gipglobal.org\/fr\/#\/schema\/logo\/image\/"},"sameAs":["https:\/\/www.facebook.com\/Grupointernacionaldepaz","https:\/\/www.instagram.com\/grupointernacionaldepaz?igsh=MnZ1M2t3ajNkbGxo"]}]}},"jetpack_sharing_enabled":true,"_links":{"self":[{"href":"https:\/\/www.gipglobal.org\/fr\/wp-json\/wp\/v2\/pages\/1661","targetHints":{"allow":["GET"]}}],"collection":[{"href":"https:\/\/www.gipglobal.org\/fr\/wp-json\/wp\/v2\/pages"}],"about":[{"href":"https:\/\/www.gipglobal.org\/fr\/wp-json\/wp\/v2\/types\/page"}],"author":[{"embeddable":true,"href":"https:\/\/www.gipglobal.org\/fr\/wp-json\/wp\/v2\/users\/1"}],"replies":[{"embeddable":true,"href":"https:\/\/www.gipglobal.org\/fr\/wp-json\/wp\/v2\/comments?post=1661"}],"version-history":[{"count":1,"href":"https:\/\/www.gipglobal.org\/fr\/wp-json\/wp\/v2\/pages\/1661\/revisions"}],"predecessor-version":[{"id":1668,"href":"https:\/\/www.gipglobal.org\/fr\/wp-json\/wp\/v2\/pages\/1661\/revisions\/1668"}],"wp:attachment":[{"href":"https:\/\/www.gipglobal.org\/fr\/wp-json\/wp\/v2\/media?parent=1661"}],"curies":[{"name":"wp","href":"https:\/\/api.w.org\/{rel}","templated":true}]}}