{"id":1659,"date":"2024-09-12T22:27:00","date_gmt":"2024-09-12T22:27:00","guid":{"rendered":"https:\/\/www.gipglobal.org\/avis-juridique\/"},"modified":"2024-11-01T16:14:48","modified_gmt":"2024-11-01T16:14:48","slug":"avis-juridique","status":"publish","type":"page","link":"https:\/\/www.gipglobal.org\/fr\/avis-juridique\/","title":{"rendered":"Avis juridique"},"content":{"rendered":"\n[et_pb_section fb_built=&#8221;1&#8243; custom_padding_last_edited=&#8221;on|phone&#8221; _builder_version=&#8221;4.27.0&#8243; _module_preset=&#8221;default&#8221; background_color=&#8221;#112231&#8243; background_enable_image=&#8221;off&#8221; module_alignment=&#8221;center&#8221; custom_margin=&#8221;0px|0px|0px|0px|true|true&#8221; custom_padding=&#8221;80px|140px|80px|140px|true|true&#8221; custom_padding_tablet=&#8221;|40px||40px|true|true&#8221; custom_padding_phone=&#8221;30px|10px|30px|10px|true|true&#8221; locked=&#8221;off&#8221; global_colors_info=&#8221;{}&#8221;][et_pb_row _builder_version=&#8221;4.27.0&#8243; _module_preset=&#8221;default&#8221; global_colors_info=&#8221;{}&#8221;][et_pb_column type=&#8221;4_4&#8243; _builder_version=&#8221;4.27.0&#8243; _module_preset=&#8221;default&#8221; global_colors_info=&#8221;{}&#8221;][et_pb_heading title=&#8221;Avis juridique&#8221; _builder_version=&#8221;4.27.0&#8243; _module_preset=&#8221;default&#8221; title_text_align=&#8221;center&#8221; title_text_color=&#8221;#F2F8F3&#8243; title_font_size=&#8221;50px&#8221; background_enable_image=&#8221;off&#8221; title_font_size_tablet=&#8221;50px&#8221; title_font_size_phone=&#8221;30px&#8221; title_font_size_last_edited=&#8221;on|phone&#8221; global_colors_info=&#8221;{}&#8221;][\/et_pb_heading][\/et_pb_column][\/et_pb_row][\/et_pb_section][et_pb_section fb_built=&#8221;1&#8243; custom_padding_last_edited=&#8221;on|phone&#8221; _builder_version=&#8221;4.27.0&#8243; _module_preset=&#8221;default&#8221; custom_margin=&#8221;0px|0px|0px|0px|true|true&#8221; custom_padding=&#8221;80px|140px|80px|140px|true|true&#8221; custom_padding_tablet=&#8221;60px|40px|60px|40px|true|true&#8221; custom_padding_phone=&#8221;30px|40px|30px|40px|true|true&#8221; global_colors_info=&#8221;{}&#8221;][et_pb_row _builder_version=&#8221;4.27.0&#8243; _module_preset=&#8221;default&#8221; width=&#8221;100%&#8221; max_width=&#8221;2560px&#8221; global_colors_info=&#8221;{}&#8221;][et_pb_column type=&#8221;4_4&#8243; _builder_version=&#8221;4.27.0&#8243; _module_preset=&#8221;default&#8221; global_colors_info=&#8221;{}&#8221;][et_pb_text _builder_version=&#8221;4.27.0&#8243; _module_preset=&#8221;default&#8221; global_colors_info=&#8221;{}&#8221;]<p>L&#8217;acc\u00e8s et l&#8217;utilisation de ce site web sont r\u00e9gis par les conditions juridiques suivantes, \u00e9tablies par l&#8217;International Peace Group.<\/p>\n<p><br>P<strong>ropri\u00e9t\u00e9 intellectuelle<\/strong> Tout le contenu publi\u00e9 sur ce site web, y compris les textes, les graphiques et les logos, est la propri\u00e9t\u00e9 de la Fondation internationale pour la paix ou est utilis\u00e9 sous licence appropri\u00e9e. Ce contenu est prot\u00e9g\u00e9 par les lois sur les droits d&#8217;auteur. <\/p>\n<p><br>C<strong>lause de non-responsabilit\u00e9<\/strong> La Fondation ne garantit pas que les informations fournies sont parfaitement exactes ou \u00e0 jour. Nous ne sommes pas responsables des erreurs ou omissions dans le contenu du site. <\/p>\n<p><br>L<strong>iens vers des tiers<\/strong> Ce site web peut contenir des liens vers des sites web externes qui ne sont pas soumis \u00e0 notre politique de confidentialit\u00e9. Nous vous recommandons de consulter les politiques de ces sites avant de fournir des informations personnelles. <\/p>\n<p><br>D<strong>roit applicable<\/strong> Ce site web est r\u00e9gi par les lois de la Colombie et de la Suisse, et tout litige y aff\u00e9rent sera soumis \u00e0 la comp\u00e9tence exclusive des tribunaux de ces pays.<\/p>[\/et_pb_text][\/et_pb_column][\/et_pb_row][\/et_pb_section]\n","protected":false},"excerpt":{"rendered":"<p>L&#8217;acc\u00e8s et l&#8217;utilisation de ce site web sont r\u00e9gis par les conditions juridiques suivantes, \u00e9tablies par l&#8217;International Peace Group. Propri\u00e9t\u00e9 intellectuelle Tout le contenu publi\u00e9 sur ce site web, y [&hellip;]<\/p>\n","protected":false},"author":1,"featured_media":0,"parent":0,"menu_order":0,"comment_status":"closed","ping_status":"closed","template":"","meta":{"_bbp_topic_count":0,"_bbp_reply_count":0,"_bbp_total_topic_count":0,"_bbp_total_reply_count":0,"_bbp_voice_count":0,"_bbp_anonymous_reply_count":0,"_bbp_topic_count_hidden":0,"_bbp_reply_count_hidden":0,"_bbp_forum_subforum_count":0,"_et_pb_use_builder":"on","_et_pb_old_content":"","_et_gb_content_width":"","footnotes":""},"class_list":["post-1659","page","type-page","status-publish","hentry"],"yoast_head":"<!-- This site is optimized with the Yoast SEO plugin v27.4 - https:\/\/yoast.com\/product\/yoast-seo-wordpress\/ -->\n<title>Avis juridique - Grupo Internacional de Paz<\/title>\n<meta name=\"description\" content=\"L&#039;acc\u00e8s et l&#039;utilisation de ce site web sont r\u00e9gis par les conditions juridiques suivantes, \u00e9tablies par l&#039;International Peace Group.\" \/>\n<meta name=\"robots\" content=\"index, follow, max-snippet:-1, max-image-preview:large, max-video-preview:-1\" \/>\n<link rel=\"canonical\" href=\"https:\/\/www.gipglobal.org\/fr\/avis-juridique\/\" \/>\n<meta property=\"og:locale\" content=\"fr_FR\" \/>\n<meta property=\"og:type\" content=\"article\" \/>\n<meta property=\"og:title\" content=\"Avis juridique - Grupo Internacional de Paz\" \/>\n<meta property=\"og:description\" content=\"L&#039;acc\u00e8s et l&#039;utilisation de ce site web sont r\u00e9gis par les conditions juridiques suivantes, \u00e9tablies par l&#039;International Peace Group.\" \/>\n<meta property=\"og:url\" content=\"https:\/\/www.gipglobal.org\/fr\/avis-juridique\/\" \/>\n<meta property=\"og:site_name\" content=\"Grupo Internacional de Paz\" \/>\n<meta property=\"article:publisher\" content=\"https:\/\/www.facebook.com\/Grupointernacionaldepaz\" \/>\n<meta property=\"article:modified_time\" content=\"2024-11-01T16:14:48+00:00\" \/>\n<meta name=\"twitter:card\" content=\"summary_large_image\" \/>\n<meta name=\"twitter:label1\" content=\"Dur\u00e9e de lecture estim\u00e9e\" \/>\n\t<meta name=\"twitter:data1\" content=\"2 minutes\" \/>\n<script type=\"application\/ld+json\" class=\"yoast-schema-graph\">{\"@context\":\"https:\\\/\\\/schema.org\",\"@graph\":[{\"@type\":\"WebPage\",\"@id\":\"https:\\\/\\\/www.gipglobal.org\\\/fr\\\/avis-juridique\\\/\",\"url\":\"https:\\\/\\\/www.gipglobal.org\\\/fr\\\/avis-juridique\\\/\",\"name\":\"Avis juridique - Grupo Internacional de Paz\",\"isPartOf\":{\"@id\":\"https:\\\/\\\/www.gipglobal.org\\\/fr\\\/#website\"},\"datePublished\":\"2024-09-12T22:27:00+00:00\",\"dateModified\":\"2024-11-01T16:14:48+00:00\",\"description\":\"L'acc\u00e8s et l'utilisation de ce site web sont r\u00e9gis par les conditions juridiques suivantes, \u00e9tablies par l'International Peace Group.\",\"breadcrumb\":{\"@id\":\"https:\\\/\\\/www.gipglobal.org\\\/fr\\\/avis-juridique\\\/#breadcrumb\"},\"inLanguage\":\"fr-FR\",\"potentialAction\":[{\"@type\":\"ReadAction\",\"target\":[\"https:\\\/\\\/www.gipglobal.org\\\/fr\\\/avis-juridique\\\/\"]}]},{\"@type\":\"BreadcrumbList\",\"@id\":\"https:\\\/\\\/www.gipglobal.org\\\/fr\\\/avis-juridique\\\/#breadcrumb\",\"itemListElement\":[{\"@type\":\"ListItem\",\"position\":1,\"name\":\"Portada\",\"item\":\"https:\\\/\\\/www.gipglobal.org\\\/fr\\\/\"},{\"@type\":\"ListItem\",\"position\":2,\"name\":\"Avis juridique\"}]},{\"@type\":\"WebSite\",\"@id\":\"https:\\\/\\\/www.gipglobal.org\\\/fr\\\/#website\",\"url\":\"https:\\\/\\\/www.gipglobal.org\\\/fr\\\/\",\"name\":\"Grupo Internacional de Paz\",\"description\":\"Paz y desarrollo atravez del deporte\",\"publisher\":{\"@id\":\"https:\\\/\\\/www.gipglobal.org\\\/fr\\\/#organization\"},\"potentialAction\":[{\"@type\":\"SearchAction\",\"target\":{\"@type\":\"EntryPoint\",\"urlTemplate\":\"https:\\\/\\\/www.gipglobal.org\\\/fr\\\/?s={search_term_string}\"},\"query-input\":{\"@type\":\"PropertyValueSpecification\",\"valueRequired\":true,\"valueName\":\"search_term_string\"}}],\"inLanguage\":\"fr-FR\"},{\"@type\":\"Organization\",\"@id\":\"https:\\\/\\\/www.gipglobal.org\\\/fr\\\/#organization\",\"name\":\"Grupo Internacional de Paz\",\"url\":\"https:\\\/\\\/www.gipglobal.org\\\/fr\\\/\",\"logo\":{\"@type\":\"ImageObject\",\"inLanguage\":\"fr-FR\",\"@id\":\"https:\\\/\\\/www.gipglobal.org\\\/fr\\\/#\\\/schema\\\/logo\\\/image\\\/\",\"url\":\"https:\\\/\\\/www.gipglobal.org\\\/wp-content\\\/uploads\\\/2024\\\/09\\\/logo-GIP-01-Artboard-1.png\",\"contentUrl\":\"https:\\\/\\\/www.gipglobal.org\\\/wp-content\\\/uploads\\\/2024\\\/09\\\/logo-GIP-01-Artboard-1.png\",\"width\":1295,\"height\":732,\"caption\":\"Grupo Internacional de Paz\"},\"image\":{\"@id\":\"https:\\\/\\\/www.gipglobal.org\\\/fr\\\/#\\\/schema\\\/logo\\\/image\\\/\"},\"sameAs\":[\"https:\\\/\\\/www.facebook.com\\\/Grupointernacionaldepaz\",\"https:\\\/\\\/www.instagram.com\\\/grupointernacionaldepaz?igsh=MnZ1M2t3ajNkbGxo\"]}]}<\/script>\n<!-- \/ Yoast SEO plugin. -->","yoast_head_json":{"title":"Avis juridique - Grupo Internacional de Paz","description":"L'acc\u00e8s et l'utilisation de ce site web sont r\u00e9gis par les conditions juridiques suivantes, \u00e9tablies par l'International Peace Group.","robots":{"index":"index","follow":"follow","max-snippet":"max-snippet:-1","max-image-preview":"max-image-preview:large","max-video-preview":"max-video-preview:-1"},"canonical":"https:\/\/www.gipglobal.org\/fr\/avis-juridique\/","og_locale":"fr_FR","og_type":"article","og_title":"Avis juridique - Grupo Internacional de Paz","og_description":"L'acc\u00e8s et l'utilisation de ce site web sont r\u00e9gis par les conditions juridiques suivantes, \u00e9tablies par l'International Peace Group.","og_url":"https:\/\/www.gipglobal.org\/fr\/avis-juridique\/","og_site_name":"Grupo Internacional de Paz","article_publisher":"https:\/\/www.facebook.com\/Grupointernacionaldepaz","article_modified_time":"2024-11-01T16:14:48+00:00","twitter_card":"summary_large_image","twitter_misc":{"Dur\u00e9e de lecture estim\u00e9e":"2 minutes"},"schema":{"@context":"https:\/\/schema.org","@graph":[{"@type":"WebPage","@id":"https:\/\/www.gipglobal.org\/fr\/avis-juridique\/","url":"https:\/\/www.gipglobal.org\/fr\/avis-juridique\/","name":"Avis juridique - Grupo Internacional de Paz","isPartOf":{"@id":"https:\/\/www.gipglobal.org\/fr\/#website"},"datePublished":"2024-09-12T22:27:00+00:00","dateModified":"2024-11-01T16:14:48+00:00","description":"L'acc\u00e8s et l'utilisation de ce site web sont r\u00e9gis par les conditions juridiques suivantes, \u00e9tablies par l'International Peace Group.","breadcrumb":{"@id":"https:\/\/www.gipglobal.org\/fr\/avis-juridique\/#breadcrumb"},"inLanguage":"fr-FR","potentialAction":[{"@type":"ReadAction","target":["https:\/\/www.gipglobal.org\/fr\/avis-juridique\/"]}]},{"@type":"BreadcrumbList","@id":"https:\/\/www.gipglobal.org\/fr\/avis-juridique\/#breadcrumb","itemListElement":[{"@type":"ListItem","position":1,"name":"Portada","item":"https:\/\/www.gipglobal.org\/fr\/"},{"@type":"ListItem","position":2,"name":"Avis juridique"}]},{"@type":"WebSite","@id":"https:\/\/www.gipglobal.org\/fr\/#website","url":"https:\/\/www.gipglobal.org\/fr\/","name":"Grupo Internacional de Paz","description":"Paz y desarrollo atravez del deporte","publisher":{"@id":"https:\/\/www.gipglobal.org\/fr\/#organization"},"potentialAction":[{"@type":"SearchAction","target":{"@type":"EntryPoint","urlTemplate":"https:\/\/www.gipglobal.org\/fr\/?s={search_term_string}"},"query-input":{"@type":"PropertyValueSpecification","valueRequired":true,"valueName":"search_term_string"}}],"inLanguage":"fr-FR"},{"@type":"Organization","@id":"https:\/\/www.gipglobal.org\/fr\/#organization","name":"Grupo Internacional de Paz","url":"https:\/\/www.gipglobal.org\/fr\/","logo":{"@type":"ImageObject","inLanguage":"fr-FR","@id":"https:\/\/www.gipglobal.org\/fr\/#\/schema\/logo\/image\/","url":"https:\/\/www.gipglobal.org\/wp-content\/uploads\/2024\/09\/logo-GIP-01-Artboard-1.png","contentUrl":"https:\/\/www.gipglobal.org\/wp-content\/uploads\/2024\/09\/logo-GIP-01-Artboard-1.png","width":1295,"height":732,"caption":"Grupo Internacional de Paz"},"image":{"@id":"https:\/\/www.gipglobal.org\/fr\/#\/schema\/logo\/image\/"},"sameAs":["https:\/\/www.facebook.com\/Grupointernacionaldepaz","https:\/\/www.instagram.com\/grupointernacionaldepaz?igsh=MnZ1M2t3ajNkbGxo"]}]}},"jetpack_sharing_enabled":true,"_links":{"self":[{"href":"https:\/\/www.gipglobal.org\/fr\/wp-json\/wp\/v2\/pages\/1659","targetHints":{"allow":["GET"]}}],"collection":[{"href":"https:\/\/www.gipglobal.org\/fr\/wp-json\/wp\/v2\/pages"}],"about":[{"href":"https:\/\/www.gipglobal.org\/fr\/wp-json\/wp\/v2\/types\/page"}],"author":[{"embeddable":true,"href":"https:\/\/www.gipglobal.org\/fr\/wp-json\/wp\/v2\/users\/1"}],"replies":[{"embeddable":true,"href":"https:\/\/www.gipglobal.org\/fr\/wp-json\/wp\/v2\/comments?post=1659"}],"version-history":[{"count":1,"href":"https:\/\/www.gipglobal.org\/fr\/wp-json\/wp\/v2\/pages\/1659\/revisions"}],"predecessor-version":[{"id":1665,"href":"https:\/\/www.gipglobal.org\/fr\/wp-json\/wp\/v2\/pages\/1659\/revisions\/1665"}],"wp:attachment":[{"href":"https:\/\/www.gipglobal.org\/fr\/wp-json\/wp\/v2\/media?parent=1659"}],"curies":[{"name":"wp","href":"https:\/\/api.w.org\/{rel}","templated":true}]}}