{"id":1381,"date":"2024-09-12T22:12:14","date_gmt":"2024-09-12T22:12:14","guid":{"rendered":"https:\/\/www.gipglobal.org\/contact\/"},"modified":"2024-11-01T16:09:07","modified_gmt":"2024-11-01T16:09:07","slug":"contact","status":"publish","type":"page","link":"https:\/\/www.gipglobal.org\/fr\/contact\/","title":{"rendered":"Contact"},"content":{"rendered":"<p>[et_pb_section fb_built=&#8221;1&#8243; custom_padding_last_edited=&#8221;on|phone&#8221; _builder_version=&#8221;4.27.0&#8243; _module_preset=&#8221;default&#8221; background_image=&#8221;https:\/\/www.gipglobal.org\/wp-content\/uploads\/2024\/09\/contacto.png&#8221; module_alignment=&#8221;center&#8221; custom_margin=&#8221;0px|0px|0px|0px|true|true&#8221; custom_padding=&#8221;80px|140px|80px|140px|true|true&#8221; custom_padding_tablet=&#8221;|40px||40px|true|true&#8221; custom_padding_phone=&#8221;30px|10px|30px|10px|true|true&#8221; locked=&#8221;off&#8221; global_colors_info=&#8221;{}&#8221;][et_pb_row _builder_version=&#8221;4.27.0&#8243; _module_preset=&#8221;default&#8221; global_colors_info=&#8221;{}&#8221;][et_pb_column type=&#8221;4_4&#8243; _builder_version=&#8221;4.27.0&#8243; _module_preset=&#8221;default&#8221; global_colors_info=&#8221;{}&#8221;][et_pb_heading title=&#8221;Contact&#8221; _builder_version=&#8221;4.27.0&#8243; _module_preset=&#8221;default&#8221; title_text_align=&#8221;center&#8221; title_text_color=&#8221;#F2F8F3&#8243; title_font_size=&#8221;50px&#8221; background_enable_image=&#8221;off&#8221; title_font_size_tablet=&#8221;50px&#8221; title_font_size_phone=&#8221;30px&#8221; title_font_size_last_edited=&#8221;on|phone&#8221; global_colors_info=&#8221;{}&#8221;][\/et_pb_heading][\/et_pb_column][\/et_pb_row][\/et_pb_section][et_pb_section fb_built=&#8221;1&#8243; custom_padding_last_edited=&#8221;on|phone&#8221; _builder_version=&#8221;4.27.0&#8243; _module_preset=&#8221;default&#8221; background_color=&#8221;#F2F8F3&#8243; custom_margin=&#8221;0px|0px|0px|0px|true|true&#8221; custom_padding=&#8221;80px|140px|80px|140px|true|true&#8221; custom_padding_tablet=&#8221;60px|40px|60px|40px|true|true&#8221; custom_padding_phone=&#8221;30px|30px|30px|30px|true|true&#8221; global_colors_info=&#8221;{}&#8221;][et_pb_row column_structure=&#8221;1_3,1_3,1_3&#8243; _builder_version=&#8221;4.27.0&#8243; _module_preset=&#8221;default&#8221; width=&#8221;100%&#8221; max_width=&#8221;2560px&#8221; global_colors_info=&#8221;{}&#8221;][et_pb_column type=&#8221;1_3&#8243; _builder_version=&#8221;4.27.0&#8243; _module_preset=&#8221;default&#8221; global_colors_info=&#8221;{}&#8221;][et_pb_image src=&#8221;https:\/\/www.gipglobal.org\/wp-content\/uploads\/2024\/09\/ecribenos.png&#8221; title_text=&#8221;\u00e9crivez-nous \u00e0&#8221; align=&#8221;center&#8221; _builder_version=&#8221;4.27.0&#8243; _module_preset=&#8221;default&#8221; global_colors_info=&#8221;{}&#8221;][\/et_pb_image][et_pb_text _builder_version=&#8221;4.27.0&#8243; _module_preset=&#8221;default&#8221; text_orientation=&#8221;center&#8221; global_colors_info=&#8221;{}&#8221;]<\/p>\n<h1>\u00c9crivez-nous \u00e0 l&#8217;adresse suivante<\/h1>\n<p>  Si vous avez des questions, des commentaires ou des suggestions, n&#8217;h\u00e9sitez pas \u00e0 nous \u00e9crire. Nous sommes l\u00e0 pour vous \u00e9couter et r\u00e9pondre rapidement \u00e0 vos pr\u00e9occupations. Votre voix est essentielle \u00e0 notre mission pour la paix dans le monde.[\/et_pb_text][et_pb_button button_url=&#8221;mailto:contact@gipglobal.org&#8221; button_text=&#8221;\u00c9crivez-nous&#8221; button_alignment=&#8221;center&#8221; _builder_version=&#8221;4.27.0&#8243; _module_preset=&#8221;default&#8221; custom_button=&#8221;on&#8221; button_text_color=&#8221;#F2F8F3&#8243; button_bg_color=&#8221;#36c5aa&#8221; button_use_icon=&#8221;off&#8221; global_colors_info=&#8221;{}&#8221;][\/et_pb_button][\/et_pb_column][et_pb_column type=&#8221;1_3&#8243; _builder_version=&#8221;4.27.0&#8243; _module_preset=&#8221;default&#8221; global_colors_info=&#8221;{}&#8221;][et_pb_image src=&#8221;https:\/\/www.gipglobal.org\/wp-content\/uploads\/2024\/09\/alianzas.png&#8221; title_text=&#8221;partenariats&#8221; align=&#8221;center&#8221; _builder_version=&#8221;4.27.0&#8243; _module_preset=&#8221;default&#8221; global_colors_info=&#8221;{}&#8221;][\/et_pb_image][et_pb_text _builder_version=&#8221;4.27.0&#8243; _module_preset=&#8221;default&#8221; text_orientation=&#8221;center&#8221; hover_enabled=&#8221;0&#8243; global_colors_info=&#8221;{}&#8221; sticky_enabled=&#8221;0&#8243;]<\/p>\n<h1>Alliances<\/h1>\n<p>  Au GIP, nous accordons une grande importance aux partenariats qui \u00e9largissent notre impact. Si vous repr\u00e9sentez une organisation qui souhaite \u00e9tablir des partenariats strat\u00e9giques, contactez-nous pour explorer les possibilit\u00e9s de collaboration mutuelle.[\/et_pb_text][et_pb_button button_url=&#8221;mailto:anabernal@gipglobal.org&#8221; button_text=&#8221;Rejoignez-nous&#8221; button_alignment=&#8221;center&#8221; _builder_version=&#8221;4.27.0&#8243; _module_preset=&#8221;default&#8221; custom_button=&#8221;on&#8221; button_text_color=&#8221;#F2F8F3&#8243; button_bg_color=&#8221;#FE6611&#8243; button_use_icon=&#8221;off&#8221; global_colors_info=&#8221;{}&#8221;][\/et_pb_button][\/et_pb_column][et_pb_column type=&#8221;1_3&#8243; _builder_version=&#8221;4.27.0&#8243; _module_preset=&#8221;default&#8221; global_colors_info=&#8221;{}&#8221;][et_pb_image src=&#8221;https:\/\/www.gipglobal.org\/wp-content\/uploads\/2024\/09\/otras-concultas.png&#8221; title_text=&#8221;autres questions&#8221; align=&#8221;center&#8221; _builder_version=&#8221;4.27.0&#8243; _module_preset=&#8221;default&#8221; global_colors_info=&#8221;{}&#8221;][\/et_pb_image][et_pb_text _builder_version=&#8221;4.27.0&#8243; _module_preset=&#8221;default&#8221; text_orientation=&#8221;center&#8221; global_colors_info=&#8221;{}&#8221;]<\/p>\n<h1>Autres requ\u00eates<\/h1>\n<p>  Pour des questions sp\u00e9cifiques concernant nos projets, la presse ou la mani\u00e8re dont vous pouvez vous impliquer davantage dans notre cause, n&#8217;h\u00e9sitez pas \u00e0 nous envoyer vos demandes. Nous nous engageons \u00e0 vous fournir des informations d\u00e9taill\u00e9es et une assistance rapide.[\/et_pb_text][et_pb_button button_url=&#8221;mailto:contact@gipglobal.org&#8221; button_text=&#8221;Consultation&#8221; button_alignment=&#8221;center&#8221; _builder_version=&#8221;4.27.0&#8243; _module_preset=&#8221;default&#8221; custom_button=&#8221;on&#8221; button_text_color=&#8221;#F2F8F3&#8243; button_bg_color=&#8221;#6D22B6&#8243; button_use_icon=&#8221;off&#8221; global_colors_info=&#8221;{}&#8221;][\/et_pb_button][\/et_pb_column][\/et_pb_row][et_pb_row _builder_version=&#8221;4.27.0&#8243; _module_preset=&#8221;default&#8221; width_tablet=&#8221;&#8221; width_phone=&#8221;100%&#8221; width_last_edited=&#8221;on|phone&#8221; module_alignment=&#8221;center&#8221; global_colors_info=&#8221;{}&#8221;][et_pb_column type=&#8221;4_4&#8243; _builder_version=&#8221;4.27.0&#8243; _module_preset=&#8221;default&#8221; global_colors_info=&#8221;{}&#8221;][et_pb_image src=&#8221;https:\/\/www.gipglobal.org\/wp-content\/uploads\/2024\/09\/rayitos-arriba.png&#8221; title_text=&#8221;les \u00e9clairs se l\u00e8vent&#8221; align=&#8221;center&#8221; _builder_version=&#8221;4.27.0&#8243; _module_preset=&#8221;default&#8221; custom_margin=&#8221;0px|0px|0px|0px|true|true&#8221; custom_padding=&#8221;0px|0px|0px|0px|true|true&#8221; global_colors_info=&#8221;{}&#8221;][\/et_pb_image][et_pb_text _builder_version=&#8221;4.27.0&#8243; _module_preset=&#8221;default&#8221; text_orientation=&#8221;center&#8221; custom_margin=&#8221;0px|0px|0px|0px|true|true&#8221; custom_padding=&#8221;0px|0px|0px|0px|true|true&#8221; global_colors_info=&#8221;{}&#8221;]<\/p>\n<p>Si vous \u00eates un fournisseur et que vous souhaitez proposer un partenariat, veuillez nous contacter \u00e0 l&#8217;adresse suivante <a href=\"mailto:contact@gipblobal.org\">: contact@gipblobal.org<\/a>. Si vous avez une question concernant les relations avec la presse, veuillez nous contacter \u00e0 l&#8217;<a href=\"mailto:anabernal@gipglobal.org\">adresse suivante : anabernal@gipglobal.org<\/a>.<\/p>\n<p>[\/et_pb_text][et_pb_image src=&#8221;https:\/\/www.gipglobal.org\/wp-content\/uploads\/2024\/09\/rayitos-abajo.png&#8221; title_text=&#8221;\u00e9clairs en dessous&#8221; align=&#8221;center&#8221; _builder_version=&#8221;4.27.0&#8243; _module_preset=&#8221;default&#8221; custom_margin=&#8221;0px|0px|0px|0px|true|true&#8221; custom_padding=&#8221;0px|0px|0px|0px|true|true&#8221; global_colors_info=&#8221;{}&#8221;][\/et_pb_image][\/et_pb_column][\/et_pb_row][\/et_pb_section]<\/p>\n","protected":false},"excerpt":{"rendered":"<p>\u00c9crivez-nous \u00e0 l&#8217;adresse suivante Si vous avez des questions, des commentaires ou des suggestions, n&#8217;h\u00e9sitez pas \u00e0 nous \u00e9crire. Nous sommes l\u00e0 pour vous \u00e9couter et r\u00e9pondre rapidement \u00e0 vos [&hellip;]<\/p>\n","protected":false},"author":1,"featured_media":0,"parent":0,"menu_order":0,"comment_status":"closed","ping_status":"closed","template":"","meta":{"_bbp_topic_count":0,"_bbp_reply_count":0,"_bbp_total_topic_count":0,"_bbp_total_reply_count":0,"_bbp_voice_count":0,"_bbp_anonymous_reply_count":0,"_bbp_topic_count_hidden":0,"_bbp_reply_count_hidden":0,"_bbp_forum_subforum_count":0,"_et_pb_use_builder":"on","_et_pb_old_content":"","_et_gb_content_width":"","footnotes":""},"class_list":["post-1381","page","type-page","status-publish","hentry"],"yoast_head":"<!-- This site is optimized with the Yoast SEO plugin v27.4 - https:\/\/yoast.com\/product\/yoast-seo-wordpress\/ -->\n<title>Contact - Grupo Internacional de Paz<\/title>\n<meta name=\"description\" content=\"Si vous avez des questions, des commentaires ou des suggestions, n&#039;h\u00e9sitez pas \u00e0 nous \u00e9crire. Nous sommes l\u00e0 pour vous \u00e9couter et r\u00e9pondre rapidement \u00e0 vos pr\u00e9occupations. Votre voix est essentielle \u00e0 notre mission pour la paix dans le monde.\" \/>\n<meta name=\"robots\" content=\"index, follow, max-snippet:-1, max-image-preview:large, max-video-preview:-1\" \/>\n<link rel=\"canonical\" href=\"https:\/\/www.gipglobal.org\/fr\/contact\/\" \/>\n<meta property=\"og:locale\" content=\"fr_FR\" \/>\n<meta property=\"og:type\" content=\"article\" \/>\n<meta property=\"og:title\" content=\"Contact - Grupo Internacional de Paz\" \/>\n<meta property=\"og:description\" content=\"Si vous avez des questions, des commentaires ou des suggestions, n&#039;h\u00e9sitez pas \u00e0 nous \u00e9crire. Nous sommes l\u00e0 pour vous \u00e9couter et r\u00e9pondre rapidement \u00e0 vos pr\u00e9occupations. Votre voix est essentielle \u00e0 notre mission pour la paix dans le monde.\" \/>\n<meta property=\"og:url\" content=\"https:\/\/www.gipglobal.org\/fr\/contact\/\" \/>\n<meta property=\"og:site_name\" content=\"Grupo Internacional de Paz\" \/>\n<meta property=\"article:publisher\" content=\"https:\/\/www.facebook.com\/Grupointernacionaldepaz\" \/>\n<meta property=\"article:modified_time\" content=\"2024-11-01T16:09:07+00:00\" \/>\n<meta name=\"twitter:card\" content=\"summary_large_image\" \/>\n<meta name=\"twitter:label1\" content=\"Dur\u00e9e de lecture estim\u00e9e\" \/>\n\t<meta name=\"twitter:data1\" content=\"4 minutes\" \/>\n<script type=\"application\/ld+json\" class=\"yoast-schema-graph\">{\"@context\":\"https:\\\/\\\/schema.org\",\"@graph\":[{\"@type\":\"WebPage\",\"@id\":\"https:\\\/\\\/www.gipglobal.org\\\/fr\\\/contact\\\/\",\"url\":\"https:\\\/\\\/www.gipglobal.org\\\/fr\\\/contact\\\/\",\"name\":\"Contact - Grupo Internacional de Paz\",\"isPartOf\":{\"@id\":\"https:\\\/\\\/www.gipglobal.org\\\/fr\\\/#website\"},\"datePublished\":\"2024-09-12T22:12:14+00:00\",\"dateModified\":\"2024-11-01T16:09:07+00:00\",\"description\":\"Si vous avez des questions, des commentaires ou des suggestions, n'h\u00e9sitez pas \u00e0 nous \u00e9crire. Nous sommes l\u00e0 pour vous \u00e9couter et r\u00e9pondre rapidement \u00e0 vos pr\u00e9occupations. Votre voix est essentielle \u00e0 notre mission pour la paix dans le monde.\",\"breadcrumb\":{\"@id\":\"https:\\\/\\\/www.gipglobal.org\\\/fr\\\/contact\\\/#breadcrumb\"},\"inLanguage\":\"fr-FR\",\"potentialAction\":[{\"@type\":\"ReadAction\",\"target\":[\"https:\\\/\\\/www.gipglobal.org\\\/fr\\\/contact\\\/\"]}]},{\"@type\":\"BreadcrumbList\",\"@id\":\"https:\\\/\\\/www.gipglobal.org\\\/fr\\\/contact\\\/#breadcrumb\",\"itemListElement\":[{\"@type\":\"ListItem\",\"position\":1,\"name\":\"Portada\",\"item\":\"https:\\\/\\\/www.gipglobal.org\\\/fr\\\/\"},{\"@type\":\"ListItem\",\"position\":2,\"name\":\"Contact\"}]},{\"@type\":\"WebSite\",\"@id\":\"https:\\\/\\\/www.gipglobal.org\\\/fr\\\/#website\",\"url\":\"https:\\\/\\\/www.gipglobal.org\\\/fr\\\/\",\"name\":\"Grupo Internacional de Paz\",\"description\":\"Paz y desarrollo atravez del deporte\",\"publisher\":{\"@id\":\"https:\\\/\\\/www.gipglobal.org\\\/fr\\\/#organization\"},\"potentialAction\":[{\"@type\":\"SearchAction\",\"target\":{\"@type\":\"EntryPoint\",\"urlTemplate\":\"https:\\\/\\\/www.gipglobal.org\\\/fr\\\/?s={search_term_string}\"},\"query-input\":{\"@type\":\"PropertyValueSpecification\",\"valueRequired\":true,\"valueName\":\"search_term_string\"}}],\"inLanguage\":\"fr-FR\"},{\"@type\":\"Organization\",\"@id\":\"https:\\\/\\\/www.gipglobal.org\\\/fr\\\/#organization\",\"name\":\"Grupo Internacional de Paz\",\"url\":\"https:\\\/\\\/www.gipglobal.org\\\/fr\\\/\",\"logo\":{\"@type\":\"ImageObject\",\"inLanguage\":\"fr-FR\",\"@id\":\"https:\\\/\\\/www.gipglobal.org\\\/fr\\\/#\\\/schema\\\/logo\\\/image\\\/\",\"url\":\"https:\\\/\\\/www.gipglobal.org\\\/wp-content\\\/uploads\\\/2024\\\/09\\\/logo-GIP-01-Artboard-1.png\",\"contentUrl\":\"https:\\\/\\\/www.gipglobal.org\\\/wp-content\\\/uploads\\\/2024\\\/09\\\/logo-GIP-01-Artboard-1.png\",\"width\":1295,\"height\":732,\"caption\":\"Grupo Internacional de Paz\"},\"image\":{\"@id\":\"https:\\\/\\\/www.gipglobal.org\\\/fr\\\/#\\\/schema\\\/logo\\\/image\\\/\"},\"sameAs\":[\"https:\\\/\\\/www.facebook.com\\\/Grupointernacionaldepaz\",\"https:\\\/\\\/www.instagram.com\\\/grupointernacionaldepaz?igsh=MnZ1M2t3ajNkbGxo\"]}]}<\/script>\n<!-- \/ Yoast SEO plugin. -->","yoast_head_json":{"title":"Contact - Grupo Internacional de Paz","description":"Si vous avez des questions, des commentaires ou des suggestions, n'h\u00e9sitez pas \u00e0 nous \u00e9crire. Nous sommes l\u00e0 pour vous \u00e9couter et r\u00e9pondre rapidement \u00e0 vos pr\u00e9occupations. Votre voix est essentielle \u00e0 notre mission pour la paix dans le monde.","robots":{"index":"index","follow":"follow","max-snippet":"max-snippet:-1","max-image-preview":"max-image-preview:large","max-video-preview":"max-video-preview:-1"},"canonical":"https:\/\/www.gipglobal.org\/fr\/contact\/","og_locale":"fr_FR","og_type":"article","og_title":"Contact - Grupo Internacional de Paz","og_description":"Si vous avez des questions, des commentaires ou des suggestions, n'h\u00e9sitez pas \u00e0 nous \u00e9crire. Nous sommes l\u00e0 pour vous \u00e9couter et r\u00e9pondre rapidement \u00e0 vos pr\u00e9occupations. Votre voix est essentielle \u00e0 notre mission pour la paix dans le monde.","og_url":"https:\/\/www.gipglobal.org\/fr\/contact\/","og_site_name":"Grupo Internacional de Paz","article_publisher":"https:\/\/www.facebook.com\/Grupointernacionaldepaz","article_modified_time":"2024-11-01T16:09:07+00:00","twitter_card":"summary_large_image","twitter_misc":{"Dur\u00e9e de lecture estim\u00e9e":"4 minutes"},"schema":{"@context":"https:\/\/schema.org","@graph":[{"@type":"WebPage","@id":"https:\/\/www.gipglobal.org\/fr\/contact\/","url":"https:\/\/www.gipglobal.org\/fr\/contact\/","name":"Contact - Grupo Internacional de Paz","isPartOf":{"@id":"https:\/\/www.gipglobal.org\/fr\/#website"},"datePublished":"2024-09-12T22:12:14+00:00","dateModified":"2024-11-01T16:09:07+00:00","description":"Si vous avez des questions, des commentaires ou des suggestions, n'h\u00e9sitez pas \u00e0 nous \u00e9crire. Nous sommes l\u00e0 pour vous \u00e9couter et r\u00e9pondre rapidement \u00e0 vos pr\u00e9occupations. Votre voix est essentielle \u00e0 notre mission pour la paix dans le monde.","breadcrumb":{"@id":"https:\/\/www.gipglobal.org\/fr\/contact\/#breadcrumb"},"inLanguage":"fr-FR","potentialAction":[{"@type":"ReadAction","target":["https:\/\/www.gipglobal.org\/fr\/contact\/"]}]},{"@type":"BreadcrumbList","@id":"https:\/\/www.gipglobal.org\/fr\/contact\/#breadcrumb","itemListElement":[{"@type":"ListItem","position":1,"name":"Portada","item":"https:\/\/www.gipglobal.org\/fr\/"},{"@type":"ListItem","position":2,"name":"Contact"}]},{"@type":"WebSite","@id":"https:\/\/www.gipglobal.org\/fr\/#website","url":"https:\/\/www.gipglobal.org\/fr\/","name":"Grupo Internacional de Paz","description":"Paz y desarrollo atravez del deporte","publisher":{"@id":"https:\/\/www.gipglobal.org\/fr\/#organization"},"potentialAction":[{"@type":"SearchAction","target":{"@type":"EntryPoint","urlTemplate":"https:\/\/www.gipglobal.org\/fr\/?s={search_term_string}"},"query-input":{"@type":"PropertyValueSpecification","valueRequired":true,"valueName":"search_term_string"}}],"inLanguage":"fr-FR"},{"@type":"Organization","@id":"https:\/\/www.gipglobal.org\/fr\/#organization","name":"Grupo Internacional de Paz","url":"https:\/\/www.gipglobal.org\/fr\/","logo":{"@type":"ImageObject","inLanguage":"fr-FR","@id":"https:\/\/www.gipglobal.org\/fr\/#\/schema\/logo\/image\/","url":"https:\/\/www.gipglobal.org\/wp-content\/uploads\/2024\/09\/logo-GIP-01-Artboard-1.png","contentUrl":"https:\/\/www.gipglobal.org\/wp-content\/uploads\/2024\/09\/logo-GIP-01-Artboard-1.png","width":1295,"height":732,"caption":"Grupo Internacional de Paz"},"image":{"@id":"https:\/\/www.gipglobal.org\/fr\/#\/schema\/logo\/image\/"},"sameAs":["https:\/\/www.facebook.com\/Grupointernacionaldepaz","https:\/\/www.instagram.com\/grupointernacionaldepaz?igsh=MnZ1M2t3ajNkbGxo"]}]}},"jetpack_sharing_enabled":true,"_links":{"self":[{"href":"https:\/\/www.gipglobal.org\/fr\/wp-json\/wp\/v2\/pages\/1381","targetHints":{"allow":["GET"]}}],"collection":[{"href":"https:\/\/www.gipglobal.org\/fr\/wp-json\/wp\/v2\/pages"}],"about":[{"href":"https:\/\/www.gipglobal.org\/fr\/wp-json\/wp\/v2\/types\/page"}],"author":[{"embeddable":true,"href":"https:\/\/www.gipglobal.org\/fr\/wp-json\/wp\/v2\/users\/1"}],"replies":[{"embeddable":true,"href":"https:\/\/www.gipglobal.org\/fr\/wp-json\/wp\/v2\/comments?post=1381"}],"version-history":[{"count":4,"href":"https:\/\/www.gipglobal.org\/fr\/wp-json\/wp\/v2\/pages\/1381\/revisions"}],"predecessor-version":[{"id":1655,"href":"https:\/\/www.gipglobal.org\/fr\/wp-json\/wp\/v2\/pages\/1381\/revisions\/1655"}],"wp:attachment":[{"href":"https:\/\/www.gipglobal.org\/fr\/wp-json\/wp\/v2\/media?parent=1381"}],"curies":[{"name":"wp","href":"https:\/\/api.w.org\/{rel}","templated":true}]}}